{"id":1955,"date":"2012-04-14T20:46:21","date_gmt":"2012-04-14T18:46:21","guid":{"rendered":"http:\/\/www.laudeley.de\/?page_id=1955"},"modified":"2023-07-24T16:39:21","modified_gmt":"2023-07-24T14:39:21","slug":"ansprechpartner-und-presseverteiler","status":"publish","type":"page","link":"https:\/\/archiv.laudeley.de\/index.php\/ansprechpartner-und-presseverteiler\/","title":{"rendered":"Ansprechpartner"},"content":{"rendered":"\n<p>F\u00fcr alle Presseanfragen wenden Sie sich bitte direkt an presse@laudeley.de. <\/p>\n\n\n\n<p>Wenn Sie regelm\u00e4\u00dfig unsere <strong>Pressemitteilungen<\/strong> bekommen m\u00f6chten, tragen Sie sich bitte in unseren <strong>Presseverteiler<\/strong> ein. Dieser Service ist <strong>kostenlos<\/strong>.\u00a0Ihre Daten\u00a0werden nicht an Dritte weiter gegeben.<\/p>\n\n\n\n<div class=\"wp-block-contact-form-7-contact-form-selector\">[contact-form-7 id=&#8220;2390&#8243; title=&#8220;Presseverteiler&#8220;]<\/div>\n\n\n\n<p><strong>Sicherheit Ihrer Daten<\/strong><\/p>\n\n\n\n<p>Ihre Daten werden vertraulich behandelt. Wir speichern sie ausschlie\u00dflich zum Versand der Pressemitteilungen und geben sie nicht an Dritte weiter.<\/p>\n\n\n\n<p><strong>Austragen aus dem Presseverteiler<\/strong><\/p>\n\n\n\n<p>Sie k\u00f6nnen sich jederzeit aus dem Presseverteiler austragen. Bitte schicken Sie dazu eine formlose E-Mail mit ihrem Namen an: <a href=\"mailto:presseverteiler-abbestellen@laudeley.de\">presseverteiler-abbestellen@laudeley.de<\/a><\/p>\n\n\n\n<p><strong>F\u00fcr den direkten Kontakt zwecks Presseanfragen, nutzen Sie bitte diese Kontaktdaten:<br><\/strong><br>E-Mail: presse@laudeley.de<\/p>\n\n\n\n<p>Tel: 0 42 92 \/ 810 340<\/p>\n\n\n\n<p>Fax: 0 42 92 \/ 810 341<\/p>\n","protected":false},"excerpt":{"rendered":"<p>F\u00fcr alle Presseanfragen wenden Sie sich bitte direkt an presse@laudeley.de. Wenn Sie regelm\u00e4\u00dfig unsere Pressemitteilungen bekommen m\u00f6chten, tragen Sie sich bitte in unseren Presseverteiler ein. Dieser Service ist kostenlos.\u00a0Ihre Daten\u00a0werden nicht an Dritte weiter gegeben. Sicherheit Ihrer Daten Ihre Daten werden vertraulich behandelt. Wir speichern sie ausschlie\u00dflich zum Versand der Pressemitteilungen und geben sie nicht an Dritte weiter. Austragen aus<\/p>\n","protected":false},"author":3,"featured_media":0,"parent":0,"menu_order":0,"comment_status":"closed","ping_status":"closed","template":"","meta":[],"_links":{"self":[{"href":"https:\/\/archiv.laudeley.de\/index.php\/wp-json\/wp\/v2\/pages\/1955"}],"collection":[{"href":"https:\/\/archiv.laudeley.de\/index.php\/wp-json\/wp\/v2\/pages"}],"about":[{"href":"https:\/\/archiv.laudeley.de\/index.php\/wp-json\/wp\/v2\/types\/page"}],"author":[{"embeddable":true,"href":"https:\/\/archiv.laudeley.de\/index.php\/wp-json\/wp\/v2\/users\/3"}],"replies":[{"embeddable":true,"href":"https:\/\/archiv.laudeley.de\/index.php\/wp-json\/wp\/v2\/comments?post=1955"}],"version-history":[{"count":16,"href":"https:\/\/archiv.laudeley.de\/index.php\/wp-json\/wp\/v2\/pages\/1955\/revisions"}],"predecessor-version":[{"id":3532,"href":"https:\/\/archiv.laudeley.de\/index.php\/wp-json\/wp\/v2\/pages\/1955\/revisions\/3532"}],"wp:attachment":[{"href":"https:\/\/archiv.laudeley.de\/index.php\/wp-json\/wp\/v2\/media?parent=1955"}],"curies":[{"name":"wp","href":"https:\/\/api.w.org\/{rel}","templated":true}]}}