{"id":3042,"date":"2017-11-12T17:25:47","date_gmt":"2017-11-12T16:25:47","guid":{"rendered":"http:\/\/www.laudeley.de\/?page_id=3042"},"modified":"2017-11-12T17:25:47","modified_gmt":"2017-11-12T16:25:47","slug":"pressefotos","status":"publish","type":"page","link":"https:\/\/archiv.laudeley.de\/index.php\/pressefotos\/","title":{"rendered":"Pressefotos"},"content":{"rendered":"<p>Folgende\u00a0Fotos d\u00fcrfen Sie f\u00fcr journalistische Zwecke unter Angabe der Quelle <strong>honorarfrei<\/strong> nutzen.<\/p>\n<p>Quelle:\u00a0wie angegeben<\/p>\n<p><strong>Zum Runterladen: &gt; Rechtsklick auf das Foto &gt;\u00a0Bild speichern unter &#8230;<\/strong><\/p>\n<div id=\"attachment_1389\" style=\"width: 364px\" class=\"wp-caption aligncenter\"><img aria-describedby=\"caption-attachment-1389\" loading=\"lazy\" class=\"wp-image-1389\" title=\"20120126_PF_Balkon-Kraftwerk\" src=\"http:\/\/www.laudeley.de\/wp-content\/uploads\/20120126_PF_Balkon-Kraftwerk-.jpg\" alt=\"\" width=\"354\" height=\"168\" \/><p id=\"caption-attachment-1389\" class=\"wp-caption-text\">Erstes &#8222;Balkon-Kraftwerk&#8220; bei Rentnerin Hanna B. in Bremen-Mar\u00dfel Format: .jpg, Farbcode: RGB, Gr\u00f6\u00dfe: 120 kb, Ma\u00dfe: 670 x 328 px, Aufl\u00f6sung 72 dpi (Quelle: Laudeley Betriebstechnik)<\/p><\/div>\n<div id=\"attachment_1700\" style=\"width: 361px\" class=\"wp-caption aligncenter\"><img aria-describedby=\"caption-attachment-1700\" loading=\"lazy\" class=\"wp-image-1700\" title=\"Pressefoto zweites Balkon-Kraftwerk\" src=\"http:\/\/www.laudeley.de\/wp-content\/uploads\/Pressefoto-zweites-Balkon-Kraftwerk.jpg\" alt=\"\" width=\"351\" height=\"179\" \/><p id=\"caption-attachment-1700\" class=\"wp-caption-text\">Format: .jpg, Farbcode: RGB, Gr\u00f6\u00dfe:\u00a0140 kb, Ma\u00dfe: 670 x 328 px, Aufl\u00f6sung: 72 dpi (Quelle: Laudeley Betriebstechnik)<\/p><\/div>\n<div id=\"attachment_2795\" style=\"width: 361px\" class=\"wp-caption aligncenter\"><a href=\"http:\/\/www.laudeley.de\/wp-content\/uploads\/Haus-mit-Garten_-300dpi.jpg\"><img aria-describedby=\"caption-attachment-2795\" loading=\"lazy\" class=\"wp-image-2795\" src=\"http:\/\/www.laudeley.de\/wp-content\/uploads\/Haus-mit-Garten_-300dpi-1024x678.jpg\" alt=\"Haus mit Garten_ 300dpi\" width=\"351\" height=\"233\" srcset=\"https:\/\/archiv.laudeley.de\/wp-content\/uploads\/Haus-mit-Garten_-300dpi-1024x678.jpg 1024w, https:\/\/archiv.laudeley.de\/wp-content\/uploads\/Haus-mit-Garten_-300dpi-300x198.jpg 300w\" sizes=\"(max-width: 351px) 100vw, 351px\" \/><\/a><p id=\"caption-attachment-2795\" class=\"wp-caption-text\">Referenz: Timo Boelkes (Bildquelle: Thomas W. Salzmann, photog.de)<\/p><\/div>\n<div id=\"attachment_2792\" style=\"width: 361px\" class=\"wp-caption aligncenter\"><a href=\"http:\/\/www.laudeley.de\/wp-content\/uploads\/Boelkes-und-Laudeley2_300dpi.jpg\"><img aria-describedby=\"caption-attachment-2792\" loading=\"lazy\" class=\"wp-image-2792\" src=\"http:\/\/www.laudeley.de\/wp-content\/uploads\/Boelkes-und-Laudeley2_300dpi-1024x678.jpg\" alt=\"Referenz: Timo Boelkes (Bildquelle: Thomas W. Salzmann, photog.de) \" width=\"351\" height=\"233\" srcset=\"https:\/\/archiv.laudeley.de\/wp-content\/uploads\/Boelkes-und-Laudeley2_300dpi-1024x678.jpg 1024w, https:\/\/archiv.laudeley.de\/wp-content\/uploads\/Boelkes-und-Laudeley2_300dpi-300x198.jpg 300w\" sizes=\"(max-width: 351px) 100vw, 351px\" \/><\/a><p id=\"caption-attachment-2792\" class=\"wp-caption-text\">Referenz: Timo Boelkes (Bildquelle: Thomas W. Salzmann, photog.de)<\/p><\/div>\n<div id=\"attachment_2865\" style=\"width: 361px\" class=\"wp-caption aligncenter\"><a href=\"http:\/\/www.laudeley.de\/wp-content\/uploads\/E3DC-Referenz-Henne-MFH-Aussen2.jpg\"><img aria-describedby=\"caption-attachment-2865\" loading=\"lazy\" class=\"wp-image-2865\" src=\"http:\/\/www.laudeley.de\/wp-content\/uploads\/E3DC-Referenz-Henne-MFH-Aussen2-1024x685.jpg\" alt=\"Referenz Henne-Haus: Eigent\u00fcmer Thomas Henne mit Fachplaner Holger Laudeley (Quelle: E3\/DC \/ Andreas Burmann)\" width=\"351\" height=\"235\" srcset=\"https:\/\/archiv.laudeley.de\/wp-content\/uploads\/E3DC-Referenz-Henne-MFH-Aussen2-1024x685.jpg 1024w, https:\/\/archiv.laudeley.de\/wp-content\/uploads\/E3DC-Referenz-Henne-MFH-Aussen2-300x200.jpg 300w, https:\/\/archiv.laudeley.de\/wp-content\/uploads\/E3DC-Referenz-Henne-MFH-Aussen2.jpg 1936w\" sizes=\"(max-width: 351px) 100vw, 351px\" \/><\/a><p id=\"caption-attachment-2865\" class=\"wp-caption-text\">Referenz Henne-Haus: Eigent\u00fcmer Thomas Henne mit Fachplaner Holger Laudeley (Quelle: E3\/DC \/ Andreas Burmann)<\/p><\/div>\n<p>&nbsp;<\/p>\n","protected":false},"excerpt":{"rendered":"<p>Folgende\u00a0Fotos d\u00fcrfen Sie f\u00fcr journalistische Zwecke unter Angabe der Quelle honorarfrei nutzen. Quelle:\u00a0wie angegeben Zum Runterladen: &gt; Rechtsklick auf das Foto &gt;\u00a0Bild speichern unter &#8230; &nbsp;<\/p>\n","protected":false},"author":5,"featured_media":2865,"parent":0,"menu_order":0,"comment_status":"closed","ping_status":"closed","template":"","meta":[],"_links":{"self":[{"href":"https:\/\/archiv.laudeley.de\/index.php\/wp-json\/wp\/v2\/pages\/3042"}],"collection":[{"href":"https:\/\/archiv.laudeley.de\/index.php\/wp-json\/wp\/v2\/pages"}],"about":[{"href":"https:\/\/archiv.laudeley.de\/index.php\/wp-json\/wp\/v2\/types\/page"}],"author":[{"embeddable":true,"href":"https:\/\/archiv.laudeley.de\/index.php\/wp-json\/wp\/v2\/users\/5"}],"replies":[{"embeddable":true,"href":"https:\/\/archiv.laudeley.de\/index.php\/wp-json\/wp\/v2\/comments?post=3042"}],"version-history":[{"count":2,"href":"https:\/\/archiv.laudeley.de\/index.php\/wp-json\/wp\/v2\/pages\/3042\/revisions"}],"predecessor-version":[{"id":3599,"href":"https:\/\/archiv.laudeley.de\/index.php\/wp-json\/wp\/v2\/pages\/3042\/revisions\/3599"}],"wp:featuredmedia":[{"embeddable":true,"href":"https:\/\/archiv.laudeley.de\/index.php\/wp-json\/wp\/v2\/media\/2865"}],"wp:attachment":[{"href":"https:\/\/archiv.laudeley.de\/index.php\/wp-json\/wp\/v2\/media?parent=3042"}],"curies":[{"name":"wp","href":"https:\/\/api.w.org\/{rel}","templated":true}]}}