{"id":3049,"date":"2017-11-23T19:53:53","date_gmt":"2017-11-23T18:53:53","guid":{"rendered":"http:\/\/www.laudeley.de\/?page_id=3049"},"modified":"2017-11-30T19:15:12","modified_gmt":"2017-11-30T18:15:12","slug":"referenzen","status":"publish","type":"page","link":"https:\/\/archiv.laudeley.de\/index.php\/referenzen\/","title":{"rendered":"Referenzen"},"content":{"rendered":"<p><strong>Laudeley Betriebstechnik hat in den vergangenen Jahren eine F\u00fclle hochkar\u00e4tiger Referenzprojekte im Bereich Photovoltaik, aber insbesondere im Sektor ganzheitlicher, technischer sowie energetischer Sanierung realisiert. Dabei wurden auch die ersten Mieterstromprojekte umgesetzt.<\/strong><\/p>\n<p>Diese Seite gibt Ihnen einen \u00dcberblick und bietet zahlreiche Unterlagen zum Download an. Sollten Sie nach Durchsicht der Seite sowie sorgf\u00e4ltigem Durcharbeiten der Referenz-Downloads Fragen zu Technologie haben, melden Sie sich gerne bei uns. Insbesondere freuen wir uns, wenn Sie Ihre eigenen, vergleichbaren Projekte mit uns realisieren m\u00f6chten.<\/p>\n<p><strong>Henne-Haus 1 und Henne-Haus 2<\/strong><\/p>\n<div id=\"attachment_2865\" style=\"width: 310px\" class=\"wp-caption alignleft\"><a href=\"http:\/\/www.laudeley.de\/wp-content\/uploads\/E3DC-Referenz-Henne-MFH-Aussen2.jpg\"><img aria-describedby=\"caption-attachment-2865\" loading=\"lazy\" class=\"size-medium wp-image-2865\" src=\"http:\/\/www.laudeley.de\/wp-content\/uploads\/E3DC-Referenz-Henne-MFH-Aussen2-300x200.jpg\" alt=\"Referenz Henne-Haus: Eigent\u00fcmer Thomas Henne mit Fachplaner Holger Laudeley (Quelle: E3\/DC \/ Andreas Burmann)\" width=\"300\" height=\"200\" srcset=\"https:\/\/archiv.laudeley.de\/wp-content\/uploads\/E3DC-Referenz-Henne-MFH-Aussen2-300x200.jpg 300w, https:\/\/archiv.laudeley.de\/wp-content\/uploads\/E3DC-Referenz-Henne-MFH-Aussen2-1024x685.jpg 1024w, https:\/\/archiv.laudeley.de\/wp-content\/uploads\/E3DC-Referenz-Henne-MFH-Aussen2.jpg 1936w\" sizes=\"(max-width: 300px) 100vw, 300px\" \/><\/a><p id=\"caption-attachment-2865\" class=\"wp-caption-text\">Referenz Henne-Haus: Eigent\u00fcmer Thomas Henne mit Fachplaner Holger Laudeley (Quelle: E3\/DC \/ Andreas Burmann)<\/p><\/div>\n<p>Die sogenannten Henne-H\u00e4user sind nach dem Eigent\u00fcmer, Dr. Thomas Henne, benannt. Es handelt sich um zwei Geb\u00e4ude &#8211; eines mit sechs Mietparteien, ein weiteres mit 11 Wohnungen und 5 Gewerbeeinheiten, die beide in Oldenburg stehen. Dr. Henne hat sich in den vergangenen 2 Jahren gemeinsam mit Laudeley Betriebstechnik und weiteren Partnern zur gezielten, \u00fcberwiegend technischen Sanierung seiner Immobilien und zur Realisierung von Mieterstrommodellen entschlossen.<\/p>\n<p>Zum Konzept von Henne-Haus 1 gibt es <a title=\"Henne Haus Mieterstrommodell\" href=\"http:\/\/www.hennehaus.de\" target=\"_blank\">eine eigenst\u00e4ndige Webseite, die laufend aktualisiert wird<\/a>. Weiterhin stehen eine Handout zum <a title=\"Henne-Haus 1 Handout\" href=\"https:\/\/www.dropbox.com\/s\/n9ipaohhuqp6gj0\/Hennehaus%20Handout_final.pdf?dl=0\">Henne-Haus 1<\/a> und ein Handout zum <a title=\"Henne-Haus 2 Handout\" href=\"https:\/\/drive.google.com\/file\/d\/0Bysl4RFIHv11YTRsckFWTEttSjg\/view?usp=sharing\">Henne-Haus 2<\/a> zum Download zur Verf\u00fcgung (PDF-Datei). Daneben berichten auch die Medien flei\u00dfig \u00fcber das Konzept. Beispielsweise <a title=\"pv magazine \u00fcber Henne-Haus\" href=\"https:\/\/www.pv-magazine.de\/2015\/11\/20\/saniertes-mehrfamilienhaus-mit-speicher-photovoltaik-und-bhwk\/\" target=\"_blank\">hier<\/a>, <a title=\"eccuro \u00fcber Henne-Haus\" href=\"https:\/\/www.eccuro.com\/artikel\/204-technische-sanierung-gewinn-fuer-mieter-vermieter\" target=\"_blank\">hier<\/a>, <a title=\"industr.com \u00fcber Henne-Haus\" href=\"https:\/\/www.industr.com\/de\/Urban-Magazin\/smart-building\/autark-im-mehrfamilienhaus-281389\" target=\"_blank\">hier<\/a>, <a title=\"IKZ Energy \u00fcber Henne-Haus\" href=\"https:\/\/www.ikz.de\/gebaeudeautomation\/news\/detail\/mehr-energieautarkie-wagen-wenn-der-vermieter-zum-energieversorger-wird\/\" target=\"_blank\">hier<\/a> und <a title=\"enwipo \u00fcber Henne-Haus\" href=\"https:\/\/www.enwipo.de\/2016\/03\/24\/pv-und-kwk-autarkie-fuers-mehrfamilienhaus\/\" target=\"_blank\">hier<\/a>.<\/p>\n<p>&nbsp;<\/p>\n","protected":false},"excerpt":{"rendered":"<p>Laudeley Betriebstechnik hat in den vergangenen Jahren eine F\u00fclle hochkar\u00e4tiger Referenzprojekte im Bereich Photovoltaik, aber insbesondere im Sektor ganzheitlicher, technischer sowie energetischer Sanierung realisiert. Dabei wurden auch die ersten Mieterstromprojekte umgesetzt. Diese Seite gibt Ihnen einen \u00dcberblick und bietet zahlreiche Unterlagen zum Download an. Sollten Sie nach Durchsicht der Seite sowie sorgf\u00e4ltigem Durcharbeiten der Referenz-Downloads Fragen zu Technologie haben, melden<\/p>\n","protected":false},"author":5,"featured_media":0,"parent":0,"menu_order":0,"comment_status":"closed","ping_status":"closed","template":"","meta":[],"_links":{"self":[{"href":"https:\/\/archiv.laudeley.de\/index.php\/wp-json\/wp\/v2\/pages\/3049"}],"collection":[{"href":"https:\/\/archiv.laudeley.de\/index.php\/wp-json\/wp\/v2\/pages"}],"about":[{"href":"https:\/\/archiv.laudeley.de\/index.php\/wp-json\/wp\/v2\/types\/page"}],"author":[{"embeddable":true,"href":"https:\/\/archiv.laudeley.de\/index.php\/wp-json\/wp\/v2\/users\/5"}],"replies":[{"embeddable":true,"href":"https:\/\/archiv.laudeley.de\/index.php\/wp-json\/wp\/v2\/comments?post=3049"}],"version-history":[{"count":14,"href":"https:\/\/archiv.laudeley.de\/index.php\/wp-json\/wp\/v2\/pages\/3049\/revisions"}],"predecessor-version":[{"id":3066,"href":"https:\/\/archiv.laudeley.de\/index.php\/wp-json\/wp\/v2\/pages\/3049\/revisions\/3066"}],"wp:attachment":[{"href":"https:\/\/archiv.laudeley.de\/index.php\/wp-json\/wp\/v2\/media?parent=3049"}],"curies":[{"name":"wp","href":"https:\/\/api.w.org\/{rel}","templated":true}]}}