{"id":341,"date":"2009-08-23T22:30:50","date_gmt":"2009-08-23T20:30:50","guid":{"rendered":"http:\/\/www.laudeley.de\/?page_id=341"},"modified":"2025-08-07T09:38:30","modified_gmt":"2025-08-07T07:38:30","slug":"impressum-2","status":"publish","type":"page","link":"https:\/\/archiv.laudeley.de\/index.php\/impressum-2\/","title":{"rendered":"Impressum"},"content":{"rendered":"\n<p>Angaben gem\u00e4\u00df \u00a7 5 TMG <br>Cornelia Laudeley <br>Laudeley Betriebstechnik <br>Herrhausenstra\u00dfe 7 <br>27721 Ritterhude <br>Deutschland<\/p>\n\n\n\n<p>Telefon: 04292 \/ 810 340 <br>E-Mail: <a href=\"mailto:laudeley@laudeley.de\" target=\"_blank\" rel=\"noreferrer noopener\">laudeley@laudeley.de<\/a><\/p>\n\n\n\n<p><strong>Vertretungsberechtigte:<\/strong><br>Cornelia Laudeley<br>Steuernummer: 36\/215\/04739<br>Umsatzsteuer-ID: DE116221405<br>Handelsregister: Amtsgericht Walsrode, HRA 201492<\/p>\n\n\n\n<p>Zust\u00e4ndige Kammer:<br>Handwerkskammer Braunschweig-L\u00fcneburg-Stade<br>Rudolf-Diesel-Str. 9<br>21684 Stade<br><a rel=\"noreferrer noopener\" href=\"http:\/\/www.hwk-bls.de\/\" target=\"_blank\">www.hwk-bls.de<\/a><\/p>\n\n\n\n<p>Verantwortlich f\u00fcr den Inhalt gem\u00e4\u00df \u00a7 18 Abs. 2 MStV: <br>Holger Laudeley <br>Herrhausenstra\u00dfe 7 <br>27721 Ritterhude<\/p>\n\n\n\n<p>Umsatzsteuer-Identifikationsnummer gem\u00e4\u00df \u00a727a UStG: DE116221405 <br>Gegenstand des Unternehmens: Betriebstechnik, Photovoltaikl\u00f6sungen, Speichertechnik, Energiesysteme<\/p>\n\n\n\n<p>Die Europ\u00e4ische Kommission stellt eine Plattform zur Online-Streitbeilegung (OS) bereit:&nbsp;<a rel=\"noreferrer noopener\" href=\"https:\/\/ec.europa.eu\/consumers\/odr\" target=\"_blank\">https:\/\/ec.europa.eu\/consumers\/odr<\/a><br>Wir sind nicht bereit oder verpflichtet, an Streitbeilegungsverfahren vor einer Verbraucherschlichtungsstelle teilzunehmen.<\/p>\n\n\n\n<p>&#8212;<\/p>\n\n\n\n<p><strong>### Haftung f\u00fcr Inhalte <\/strong><br>Als Diensteanbieter sind wir gem\u00e4\u00df \u00a7 7 Abs. 1 TMG f\u00fcr eigene Inhalte auf diesen Seiten nach den allgemeinen Gesetzen verantwortlich. <br>Nach \u00a7\u00a7 8 bis 10 TMG sind wir als Diensteanbieter jedoch nicht verpflichtet, \u00fcbermittelte oder gespeicherte fremde Informationen zu \u00fcberwachen oder nach Umst\u00e4nden zu forschen, die auf eine rechtswidrige T\u00e4tigkeit hinweisen. <br>Verpflichtungen zur Entfernung oder Sperrung der Nutzung von Informationen nach den allgemeinen Gesetzen bleiben hiervon unber\u00fchrt. Eine diesbez\u00fcgliche Haftung ist jedoch erst ab dem Zeitpunkt der Kenntnis einer konkreten Rechtsverletzung m\u00f6glich. Bei Bekanntwerden von entsprechenden Rechtsverletzungen werden wir diese Inhalte umgehend entfernen.<\/p>\n\n\n\n<p>&#8212;<\/p>\n\n\n\n<p><strong>### Haftung f\u00fcr Links <\/strong><br>Unser Angebot enth\u00e4lt Links zu externen Websites Dritter, auf deren Inhalte wir keinen Einfluss haben. Deshalb k\u00f6nnen wir f\u00fcr diese fremden Inhalte auch keine Gew\u00e4hr \u00fcbernehmen. <br>F\u00fcr die Inhalte der verlinkten Seiten ist stets der jeweilige Anbieter oder Betreiber der Seiten verantwortlich. <br>Die verlinkten Seiten wurden zum Zeitpunkt der Verlinkung auf m\u00f6gliche Rechtsverst\u00f6\u00dfe \u00fcberpr\u00fcft. Rechtswidrige Inhalte waren zum Zeitpunkt der Verlinkung nicht erkennbar. <br>Eine permanente inhaltliche Kontrolle der verlinkten Seiten ist jedoch ohne konkrete Anhaltspunkte einer Rechtsverletzung nicht zumutbar. Bei Bekanntwerden von Rechtsverletzungen werden wir derartige Links umgehend entfernen.<\/p>\n\n\n\n<p>&#8212;<\/p>\n\n\n\n<p><strong>### Urheberrecht <\/strong><br>Die durch die Seitenbetreiber erstellten Inhalte und Werke auf diesen Seiten unterliegen dem deutschen Urheberrecht. <br>Die Vervielf\u00e4ltigung, Bearbeitung, Verbreitung und jede Art der Verwertung au\u00dferhalb der Grenzen des Urheberrechts bed\u00fcrfen der schriftlichen Zustimmung des jeweiligen Autors bzw. Erstellers. <br>Downloads und Kopien dieser Seite sind nur f\u00fcr den privaten, nicht kommerziellen Gebrauch gestattet. <br>Soweit die Inhalte auf dieser Seite nicht vom Betreiber erstellt wurden, werden die Urheberrechte Dritter beachtet. <br>Insbesondere werden Inhalte Dritter als solche gekennzeichnet. Sollten Sie trotzdem auf eine Urheberrechtsverletzung aufmerksam werden, bitten wir um einen entsprechenden Hinweis. <br>Bei Bekanntwerden von Rechtsverletzungen werden wir derartige Inhalte umgehend entfernen.<\/p>\n\n\n\n<p>&#8212;<\/p>\n\n\n\n<p>Fotos: Laudeley Betriebstechnik, jarts | photocase.com, cw-design | <a href=\"http:\/\/photocase.com\">photocase.com<\/a> <br>E-Mail-Sicherheit: Eunetic GmbH | <a href=\"http:\/\/europeanmx.eu\">europeanmx.eu<\/a><\/p>\n\n\n\n<p>Weitere Hinweise zur Datenverarbeitung entnehmen Sie unserer <a href=\"https:\/\/archiv.laudeley.de\/index.php\/datenschutz-2\/\">Datenschutzerkl\u00e4rung (Stand: August 2025)<\/a>.<\/p>\n","protected":false},"excerpt":{"rendered":"<p>Angaben gem\u00e4\u00df \u00a7 5 TMG Cornelia Laudeley Laudeley Betriebstechnik Herrhausenstra\u00dfe 7 27721 Ritterhude Deutschland Telefon: 04292 \/ 810 340 E-Mail: laudeley@laudeley.de Vertretungsberechtigte:Cornelia LaudeleySteuernummer: 36\/215\/04739Umsatzsteuer-ID: DE116221405Handelsregister: Amtsgericht Walsrode, HRA 201492 Zust\u00e4ndige Kammer:Handwerkskammer Braunschweig-L\u00fcneburg-StadeRudolf-Diesel-Str. 921684 Stadewww.hwk-bls.de Verantwortlich f\u00fcr den Inhalt gem\u00e4\u00df \u00a7 18 Abs. 2 MStV: Holger Laudeley Herrhausenstra\u00dfe 7 27721 Ritterhude Umsatzsteuer-Identifikationsnummer gem\u00e4\u00df \u00a727a UStG: DE116221405 Gegenstand des Unternehmens: Betriebstechnik, Photovoltaikl\u00f6sungen,<\/p>\n","protected":false},"author":3,"featured_media":0,"parent":0,"menu_order":2,"comment_status":"closed","ping_status":"closed","template":"","meta":[],"_links":{"self":[{"href":"https:\/\/archiv.laudeley.de\/index.php\/wp-json\/wp\/v2\/pages\/341"}],"collection":[{"href":"https:\/\/archiv.laudeley.de\/index.php\/wp-json\/wp\/v2\/pages"}],"about":[{"href":"https:\/\/archiv.laudeley.de\/index.php\/wp-json\/wp\/v2\/types\/page"}],"author":[{"embeddable":true,"href":"https:\/\/archiv.laudeley.de\/index.php\/wp-json\/wp\/v2\/users\/3"}],"replies":[{"embeddable":true,"href":"https:\/\/archiv.laudeley.de\/index.php\/wp-json\/wp\/v2\/comments?post=341"}],"version-history":[{"count":38,"href":"https:\/\/archiv.laudeley.de\/index.php\/wp-json\/wp\/v2\/pages\/341\/revisions"}],"predecessor-version":[{"id":3674,"href":"https:\/\/archiv.laudeley.de\/index.php\/wp-json\/wp\/v2\/pages\/341\/revisions\/3674"}],"wp:attachment":[{"href":"https:\/\/archiv.laudeley.de\/index.php\/wp-json\/wp\/v2\/media?parent=341"}],"curies":[{"name":"wp","href":"https:\/\/api.w.org\/{rel}","templated":true}]}}