{"id":350,"date":"2009-08-23T22:41:33","date_gmt":"2009-08-23T20:41:33","guid":{"rendered":"http:\/\/www.laudeley.de\/?page_id=350"},"modified":"2022-03-21T13:14:06","modified_gmt":"2022-03-21T12:14:06","slug":"ansprechpartner","status":"publish","type":"page","link":"https:\/\/archiv.laudeley.de\/index.php\/ansprechpartner\/","title":{"rendered":"Ansprechpartner"},"content":{"rendered":"<p><strong>Allgemeine Anfragen (Beratungsgespr\u00e4che nur nach vorheriger telefonischer Absprache m\u00f6glich)<\/strong><\/p>\n<p>Catharina Gl\u00f6ckner<br \/>\nHerrhausenstra\u00dfe 7<br \/>\n27721 Ritterhude<\/p>\n<p>Mo bis Do: 8 bis 16:30 Uhr<br \/>\nFreitag: 8 bis 15:30 Uhr<\/p>\n<p><strong>Tel: 0 42 92 \/ 810 340<br \/>\n<\/strong>Fax: 0 42 92 \/ 810 341<br \/>\nE-Mail: <a href=\"mailto:catharina@laudeley.de\" target=\"_blank\" rel=\"noopener noreferrer\">catharina@laudeley.de<\/a><\/p>\n","protected":false},"excerpt":{"rendered":"<p>Allgemeine Anfragen (Beratungsgespr\u00e4che nur nach vorheriger telefonischer Absprache m\u00f6glich) Catharina Gl\u00f6ckner Herrhausenstra\u00dfe 7 27721 Ritterhude Mo bis Do: 8 bis 16:30 Uhr Freitag: 8 bis 15:30 Uhr Tel: 0 42 92 \/ 810 340 Fax: 0 42 92 \/ 810 341 E-Mail: catharina@laudeley.de<\/p>\n","protected":false},"author":3,"featured_media":0,"parent":0,"menu_order":0,"comment_status":"open","ping_status":"open","template":"","meta":[],"_links":{"self":[{"href":"https:\/\/archiv.laudeley.de\/index.php\/wp-json\/wp\/v2\/pages\/350"}],"collection":[{"href":"https:\/\/archiv.laudeley.de\/index.php\/wp-json\/wp\/v2\/pages"}],"about":[{"href":"https:\/\/archiv.laudeley.de\/index.php\/wp-json\/wp\/v2\/types\/page"}],"author":[{"embeddable":true,"href":"https:\/\/archiv.laudeley.de\/index.php\/wp-json\/wp\/v2\/users\/3"}],"replies":[{"embeddable":true,"href":"https:\/\/archiv.laudeley.de\/index.php\/wp-json\/wp\/v2\/comments?post=350"}],"version-history":[{"count":57,"href":"https:\/\/archiv.laudeley.de\/index.php\/wp-json\/wp\/v2\/pages\/350\/revisions"}],"predecessor-version":[{"id":3469,"href":"https:\/\/archiv.laudeley.de\/index.php\/wp-json\/wp\/v2\/pages\/350\/revisions\/3469"}],"wp:attachment":[{"href":"https:\/\/archiv.laudeley.de\/index.php\/wp-json\/wp\/v2\/media?parent=350"}],"curies":[{"name":"wp","href":"https:\/\/api.w.org\/{rel}","templated":true}]}}