{"id":3656,"date":"2025-08-06T19:53:25","date_gmt":"2025-08-06T17:53:25","guid":{"rendered":"https:\/\/www.laudeley.de\/?page_id=3656"},"modified":"2025-08-06T19:53:25","modified_gmt":"2025-08-06T17:53:25","slug":"datenschutz-2","status":"publish","type":"page","link":"https:\/\/archiv.laudeley.de\/index.php\/datenschutz-2\/","title":{"rendered":"Datenschutz"},"content":{"rendered":"\n<p>Unsere vollst\u00e4ndige Datenschutzerkl\u00e4rung k\u00f6nnen Sie hier einsehen: <\/p>\n\n\n\n<div class=\"wp-block-file\"><object class=\"wp-block-file__embed\" data=\"https:\/\/archiv.laudeley.de\/wp-content\/uploads\/Datenschutzerklaerung-Laudeley.pdf\" type=\"application\/pdf\" style=\"width:100%;height:600px\" aria-label=\"Einbettung von Datenschutzerkl\u00e4rung Laudeley.\"><\/object><a id=\"wp-block-file--media-bc363de3-c760-4513-8ff6-ec8b68b2e4bd\" href=\"https:\/\/archiv.laudeley.de\/wp-content\/uploads\/Datenschutzerklaerung-Laudeley.pdf\">Datenschutzerkl\u00e4rung Laudeley<\/a><a href=\"https:\/\/archiv.laudeley.de\/wp-content\/uploads\/Datenschutzerklaerung-Laudeley.pdf\" class=\"wp-block-file__button\" download aria-describedby=\"wp-block-file--media-bc363de3-c760-4513-8ff6-ec8b68b2e4bd\">Herunterladen<\/a><\/div>\n","protected":false},"excerpt":{"rendered":"<p>Unsere vollst\u00e4ndige Datenschutzerkl\u00e4rung k\u00f6nnen Sie hier einsehen:<\/p>\n","protected":false},"author":5,"featured_media":0,"parent":0,"menu_order":0,"comment_status":"closed","ping_status":"closed","template":"","meta":[],"_links":{"self":[{"href":"https:\/\/archiv.laudeley.de\/index.php\/wp-json\/wp\/v2\/pages\/3656"}],"collection":[{"href":"https:\/\/archiv.laudeley.de\/index.php\/wp-json\/wp\/v2\/pages"}],"about":[{"href":"https:\/\/archiv.laudeley.de\/index.php\/wp-json\/wp\/v2\/types\/page"}],"author":[{"embeddable":true,"href":"https:\/\/archiv.laudeley.de\/index.php\/wp-json\/wp\/v2\/users\/5"}],"replies":[{"embeddable":true,"href":"https:\/\/archiv.laudeley.de\/index.php\/wp-json\/wp\/v2\/comments?post=3656"}],"version-history":[{"count":2,"href":"https:\/\/archiv.laudeley.de\/index.php\/wp-json\/wp\/v2\/pages\/3656\/revisions"}],"predecessor-version":[{"id":3659,"href":"https:\/\/archiv.laudeley.de\/index.php\/wp-json\/wp\/v2\/pages\/3656\/revisions\/3659"}],"wp:attachment":[{"href":"https:\/\/archiv.laudeley.de\/index.php\/wp-json\/wp\/v2\/media?parent=3656"}],"curies":[{"name":"wp","href":"https:\/\/api.w.org\/{rel}","templated":true}]}}