{"id":557,"date":"2011-07-17T16:56:46","date_gmt":"2011-07-17T14:56:46","guid":{"rendered":"http:\/\/www.laudeley.de\/?page_id=557"},"modified":"2014-05-15T15:57:48","modified_gmt":"2014-05-15T13:57:48","slug":"dienstleistungen","status":"publish","type":"page","link":"https:\/\/archiv.laudeley.de\/index.php\/unternehmen\/dienstleistungen\/","title":{"rendered":"Leistungen"},"content":{"rendered":"<div id=\"inner\">\n<div id=\"content-fullwidth\">\n<div>\n<p>Wir sind Ihr Spezialist f\u00fcr Photovoltaikanlagen, kleine und gro\u00dfe Stromspeicher sowie komplexe Systeme zur <strong>wirtschaftlichen Maximierung des Eigenverbrauchs<\/strong>. Folgende Leistungen bieten wir Ihnen an:<\/p>\n<ul>\n<li>Installation von Photovoltaikanlagen, privat und gewerblich<\/li>\n<li>Installation von Stromspeichern und Integration von Hauskraftwerken in die komplexe Haustechnik<\/li>\n<li>Wartung, Kontrolle und Reinigung von Photovoltaikanlagen<\/li>\n<li>Gutachter- und Sachverst\u00e4ndigent\u00e4tigkeit<\/li>\n<li>Regenerative Technologien<\/li>\n<li>Geb\u00e4udebussysteme<\/li>\n<li>Energieberatung<\/li>\n<li>Stromversorgungsnetzanalyse<\/li>\n<li>Baubegleitung<\/li>\n<\/ul>\n<\/div>\n<\/div>\n<\/div>\n","protected":false},"excerpt":{"rendered":"<p>Wir sind Ihr Spezialist f\u00fcr Photovoltaikanlagen, kleine und gro\u00dfe Stromspeicher sowie komplexe Systeme zur wirtschaftlichen Maximierung des Eigenverbrauchs. Folgende Leistungen bieten wir Ihnen an: Installation von Photovoltaikanlagen, privat und gewerblich Installation von Stromspeichern und Integration von Hauskraftwerken in die komplexe Haustechnik Wartung, Kontrolle und Reinigung von Photovoltaikanlagen Gutachter- und Sachverst\u00e4ndigent\u00e4tigkeit Regenerative Technologien Geb\u00e4udebussysteme Energieberatung Stromversorgungsnetzanalyse Baubegleitung<\/p>\n","protected":false},"author":3,"featured_media":1091,"parent":909,"menu_order":0,"comment_status":"closed","ping_status":"closed","template":"","meta":[],"_links":{"self":[{"href":"https:\/\/archiv.laudeley.de\/index.php\/wp-json\/wp\/v2\/pages\/557"}],"collection":[{"href":"https:\/\/archiv.laudeley.de\/index.php\/wp-json\/wp\/v2\/pages"}],"about":[{"href":"https:\/\/archiv.laudeley.de\/index.php\/wp-json\/wp\/v2\/types\/page"}],"author":[{"embeddable":true,"href":"https:\/\/archiv.laudeley.de\/index.php\/wp-json\/wp\/v2\/users\/3"}],"replies":[{"embeddable":true,"href":"https:\/\/archiv.laudeley.de\/index.php\/wp-json\/wp\/v2\/comments?post=557"}],"version-history":[{"count":34,"href":"https:\/\/archiv.laudeley.de\/index.php\/wp-json\/wp\/v2\/pages\/557\/revisions"}],"predecessor-version":[{"id":2665,"href":"https:\/\/archiv.laudeley.de\/index.php\/wp-json\/wp\/v2\/pages\/557\/revisions\/2665"}],"up":[{"embeddable":true,"href":"https:\/\/archiv.laudeley.de\/index.php\/wp-json\/wp\/v2\/pages\/909"}],"wp:featuredmedia":[{"embeddable":true,"href":"https:\/\/archiv.laudeley.de\/index.php\/wp-json\/wp\/v2\/media\/1091"}],"wp:attachment":[{"href":"https:\/\/archiv.laudeley.de\/index.php\/wp-json\/wp\/v2\/media?parent=557"}],"curies":[{"name":"wp","href":"https:\/\/api.w.org\/{rel}","templated":true}]}}