{"id":610,"date":"2011-08-12T20:02:41","date_gmt":"2011-08-12T18:02:41","guid":{"rendered":"http:\/\/www.laudeley.de\/?page_id=610"},"modified":"2023-05-12T11:39:07","modified_gmt":"2023-05-12T09:39:07","slug":"links","status":"publish","type":"page","link":"https:\/\/archiv.laudeley.de\/index.php\/links\/","title":{"rendered":"Links"},"content":{"rendered":"<p>\u00d6ffne:\u00a0<a title=\"e.cube Systems\" href=\"https:\/\/balkonkraftwerk-vertrieb.de\/produkt\/e-cube-island\/\" target=\"_blank\" rel=\"noopener\">e.cube Systems<\/a><\/p>\n<p>\u00d6ffne:\u00a0<a href=\"https:\/\/www.solarelectrix.de\/shop\/index.php?main_page=index\">http:\/\/www.solarelectrix.de\/index_de.html<\/a><\/p>\n<p>\u00d6ffne:\u00a0<a title=\"Newslab - Frank Farenski\" href=\"http:\/\/www.newslab.de\/newslab\/Hauptseite.html\" target=\"_blank\" rel=\"noopener\">http:\/\/www.newslab.de\/newslab\/Hauptseite.html<\/a><\/p>\n<p>\u00d6ffne:\u00a0<a title=\"CleanThinking.de\" href=\"http:\/\/www.cleanthinking.de\/\" target=\"_blank\" rel=\"noopener\">https:\/\/www.cleanthinking.de\/<\/a><\/p>\n<p>\u00d6ffne: <a title=\"Franz Alt - Sonnenseite.com\" href=\"https:\/\/www.sonnenseite.com\/de\/\" target=\"_blank\" rel=\"noopener\">Franz Alt | Sonnenseite.com<\/a><\/p>\n<p>\u00d6ffne: <a title=\"PV-Ertragsdatenaufnahme\" href=\"https:\/\/ertragsdatenbank.de\/index.html\">PV-Ertragsdatenaufnahme<\/a><\/p>\n<p>\u00d6ffne: <a title=\"Solarenergie F\u00f6rderverein Deutschland e.V.\" href=\"http:\/\/www.sfv.de\/\">Solarenergie F\u00f6rderverein Deutschland e.V.<\/a><\/p>\n<p>\u00d6ffne: <a title=\"Photovoltaik-Leistung in Deutschland\" href=\"http:\/\/www.sma.de\/de\/news-infos\/pv-leistung-in-deutschland.html\" target=\"_blank\" rel=\"noopener\">Photovoltaik-Leistung in Deutschland<\/a><\/p>\n<p><img loading=\"lazy\" class=\"size-medium wp-image-984 alignnone\" title=\"Photovoltaik-Leistung in Deutschland\" src=\"http:\/\/www.laudeley.de\/wp-content\/uploads\/photovoltaik-leistung_in_deutschland-263x300.jpg\" alt=\"\" width=\"263\" height=\"300\" srcset=\"https:\/\/archiv.laudeley.de\/wp-content\/uploads\/photovoltaik-leistung_in_deutschland-263x300.jpg 263w, https:\/\/archiv.laudeley.de\/wp-content\/uploads\/photovoltaik-leistung_in_deutschland.jpg 466w\" sizes=\"(max-width: 263px) 100vw, 263px\" \/><\/p>\n<p>Fotoquelle: http:\/\/www.sma.de\/de\/news-infos\/pv-leistung-in-deutschland.html<\/p>\n","protected":false},"excerpt":{"rendered":"<p>\u00d6ffne:\u00a0e.cube Systems \u00d6ffne:\u00a0http:\/\/www.solarelectrix.de\/index_de.html \u00d6ffne:\u00a0http:\/\/www.newslab.de\/newslab\/Hauptseite.html \u00d6ffne:\u00a0https:\/\/www.cleanthinking.de\/ \u00d6ffne: Franz Alt | Sonnenseite.com \u00d6ffne: PV-Ertragsdatenaufnahme \u00d6ffne: Solarenergie F\u00f6rderverein Deutschland e.V. \u00d6ffne: Photovoltaik-Leistung in Deutschland Fotoquelle: http:\/\/www.sma.de\/de\/news-infos\/pv-leistung-in-deutschland.html<\/p>\n","protected":false},"author":3,"featured_media":0,"parent":0,"menu_order":3,"comment_status":"closed","ping_status":"closed","template":"","meta":[],"_links":{"self":[{"href":"https:\/\/archiv.laudeley.de\/index.php\/wp-json\/wp\/v2\/pages\/610"}],"collection":[{"href":"https:\/\/archiv.laudeley.de\/index.php\/wp-json\/wp\/v2\/pages"}],"about":[{"href":"https:\/\/archiv.laudeley.de\/index.php\/wp-json\/wp\/v2\/types\/page"}],"author":[{"embeddable":true,"href":"https:\/\/archiv.laudeley.de\/index.php\/wp-json\/wp\/v2\/users\/3"}],"replies":[{"embeddable":true,"href":"https:\/\/archiv.laudeley.de\/index.php\/wp-json\/wp\/v2\/comments?post=610"}],"version-history":[{"count":22,"href":"https:\/\/archiv.laudeley.de\/index.php\/wp-json\/wp\/v2\/pages\/610\/revisions"}],"predecessor-version":[{"id":3518,"href":"https:\/\/archiv.laudeley.de\/index.php\/wp-json\/wp\/v2\/pages\/610\/revisions\/3518"}],"wp:attachment":[{"href":"https:\/\/archiv.laudeley.de\/index.php\/wp-json\/wp\/v2\/media?parent=610"}],"curies":[{"name":"wp","href":"https:\/\/api.w.org\/{rel}","templated":true}]}}