{"id":696,"date":"2011-08-14T12:16:07","date_gmt":"2011-08-14T10:16:07","guid":{"rendered":"http:\/\/www.laudeley.de\/?page_id=696"},"modified":"2013-07-02T10:24:49","modified_gmt":"2013-07-02T08:24:49","slug":"dipl-ing-holger-laudeley","status":"publish","type":"page","link":"https:\/\/archiv.laudeley.de\/index.php\/unternehmen\/dipl-ing-holger-laudeley\/","title":{"rendered":"Person"},"content":{"rendered":"<p><img loading=\"lazy\" class=\"size-full wp-image-1504 alignright\" title=\"Dipl.-Ing. Holger Laudeley\" src=\"http:\/\/www.laudeley.de\/wp-content\/uploads\/portrait2.png\" alt=\"\" width=\"95\" height=\"95\" \/>Dipl.-Ing. (FH) Holger Laudeley, Jahrgang 1963. Lebt mit seiner Frau in Ritterhude, Niedersachsen.<\/p>\n<p><strong>Kompetenzen und Qualifikationen f\u00fcr den Bereich der Erneuerbaren Energien<\/strong><\/p>\n<ul>\n<li>Sachverst\u00e4ndiger und Gutachter f\u00fcr Photovoltaik<\/li>\n<li>Betriebs- und Versorgungsingenieur (Hochschule Bremerhaven)<\/li>\n<li>Elektroinstallateur- und Schiffbetriebstechnikermeister<\/li>\n<li>Elektroinstallateur und Energieanlagenelektroniker<\/li>\n<li>Gr\u00fcnder von Laudeley Betriebstechnik<\/li>\n<\/ul>\n","protected":false},"excerpt":{"rendered":"<p>Dipl.-Ing. (FH) Holger Laudeley, Jahrgang 1963. Lebt mit seiner Frau in Ritterhude, Niedersachsen. Kompetenzen und Qualifikationen f\u00fcr den Bereich der Erneuerbaren Energien Sachverst\u00e4ndiger und Gutachter f\u00fcr Photovoltaik Betriebs- und Versorgungsingenieur (Hochschule Bremerhaven) Elektroinstallateur- und Schiffbetriebstechnikermeister Elektroinstallateur und Energieanlagenelektroniker Gr\u00fcnder von Laudeley Betriebstechnik<\/p>\n","protected":false},"author":3,"featured_media":1073,"parent":909,"menu_order":3,"comment_status":"closed","ping_status":"closed","template":"","meta":[],"_links":{"self":[{"href":"https:\/\/archiv.laudeley.de\/index.php\/wp-json\/wp\/v2\/pages\/696"}],"collection":[{"href":"https:\/\/archiv.laudeley.de\/index.php\/wp-json\/wp\/v2\/pages"}],"about":[{"href":"https:\/\/archiv.laudeley.de\/index.php\/wp-json\/wp\/v2\/types\/page"}],"author":[{"embeddable":true,"href":"https:\/\/archiv.laudeley.de\/index.php\/wp-json\/wp\/v2\/users\/3"}],"replies":[{"embeddable":true,"href":"https:\/\/archiv.laudeley.de\/index.php\/wp-json\/wp\/v2\/comments?post=696"}],"version-history":[{"count":37,"href":"https:\/\/archiv.laudeley.de\/index.php\/wp-json\/wp\/v2\/pages\/696\/revisions"}],"predecessor-version":[{"id":2513,"href":"https:\/\/archiv.laudeley.de\/index.php\/wp-json\/wp\/v2\/pages\/696\/revisions\/2513"}],"up":[{"embeddable":true,"href":"https:\/\/archiv.laudeley.de\/index.php\/wp-json\/wp\/v2\/pages\/909"}],"wp:featuredmedia":[{"embeddable":true,"href":"https:\/\/archiv.laudeley.de\/index.php\/wp-json\/wp\/v2\/media\/1073"}],"wp:attachment":[{"href":"https:\/\/archiv.laudeley.de\/index.php\/wp-json\/wp\/v2\/media?parent=696"}],"curies":[{"name":"wp","href":"https:\/\/api.w.org\/{rel}","templated":true}]}}