{"id":909,"date":"2011-10-26T13:49:40","date_gmt":"2011-10-26T11:49:40","guid":{"rendered":"http:\/\/www.laudeley.de\/?page_id=909"},"modified":"2016-09-13T17:59:10","modified_gmt":"2016-09-13T15:59:10","slug":"unternehmen","status":"publish","type":"page","link":"https:\/\/archiv.laudeley.de\/index.php\/unternehmen\/","title":{"rendered":"Das Unternehmen"},"content":{"rendered":"<p><strong>Laudeley Betriebstechnik besch\u00e4ftigt sich seit mehr als 25 Jahren\u00a0mit Erneuerbaren Energien. Kernkompetenz ist die Installation, Wartung und \u00dcberwachung von Photovoltaik-Anlagen, Infrarotheizungen oder\u00a0kleinen und gr\u00f6\u00dferen Stromspeichern. Dabei steht Holger Laudeley insbesondere f\u00fcr die Kompetenz, innovative Technologien so exakt auf die Bed\u00fcrfnisse und die Gegebenheiten beim jeweiligen Kunden auszulegen, dass diese extrem effizient genutzt werden k\u00f6nnen.<br \/>\n<\/strong><\/p>\n<p>Das Unternehmen Laudeley Betriebstechnik hat mehr als 2.500 Referenzanlagen vorzuweisen und betreibt\u00a0zurzeit 48 eigene Anlagen. Der Spezialist f\u00fcr Eigenverbrauch von selbst erzeugter Energie f\u00fcr Strom, W\u00e4rme und Mobilit\u00e4t hat drei Angestellte. Sitz ist Ritterhude bei Bremen (Niedersachsen).<\/p>\n<p><img loading=\"lazy\" class=\"alignleft wp-image-2658 size-medium\" src=\"http:\/\/www.laudeley.de\/wp-content\/uploads\/Ritterhude-Laudeley-Haus-300x200.jpg\" alt=\"Ritterhude Laudeley Haus\" width=\"300\" height=\"200\" srcset=\"https:\/\/archiv.laudeley.de\/wp-content\/uploads\/Ritterhude-Laudeley-Haus-300x200.jpg 300w, https:\/\/archiv.laudeley.de\/wp-content\/uploads\/Ritterhude-Laudeley-Haus-1024x683.jpg 1024w\" sizes=\"(max-width: 300px) 100vw, 300px\" \/>Laudeley Betriebstechnik wurde 1982 von Dipl.-Ing. (FH) Holger Laudeley im Bereich der Medientechnik gegr\u00fcndet. Mitte der 80er Jahre begann die unternehmerische Fokussierung auf regenerative Technologien. Zun\u00e4chst sanierte Laudeley Betriebstechnik vorwiegend Wohnungen und Betriebsgeb\u00e4ude energetisch. Anfang der 90er Jahre baute das Unternehmen auch Niedrigenergie- und Passivh\u00e4user. Heute ist Laudeley u.a. Goldpartner\u00a0des Osnabr\u00fccker Spezialisten f\u00fcr <strong>Stromspeicher auf Basis von Lithium-Ionen-Batterien<\/strong>, E3\/DC GmbH.<\/p>\n<p>Als Vorzeigeprojekt gilt bis heute das selbst entwickelte Betriebsgeb\u00e4ude der Firma, da es faktisch keine Energiekosten produziert. Weiterhin entwickeln Dipl.-Ing. (FH) Holger Laudeley und sein Team modernste Produkte und Dienstleistungen im Bereich der erneuerbaren Energien. Aufgrund seines Engagements in einer Vielzahl vision\u00e4rer Projekte wird Holger Laudeley von der regionalen Presse \u201ePhotovoltaik-Papst\u201c genannt.<\/p>\n","protected":false},"excerpt":{"rendered":"<p>Laudeley Betriebstechnik besch\u00e4ftigt sich seit mehr als 25 Jahren\u00a0mit Erneuerbaren Energien. Kernkompetenz ist die Installation, Wartung und \u00dcberwachung von Photovoltaik-Anlagen, Infrarotheizungen oder\u00a0kleinen und gr\u00f6\u00dferen Stromspeichern. Dabei steht Holger Laudeley insbesondere f\u00fcr die Kompetenz, innovative Technologien so exakt auf die Bed\u00fcrfnisse und die Gegebenheiten beim jeweiligen Kunden auszulegen, dass diese extrem effizient genutzt werden k\u00f6nnen. Das Unternehmen Laudeley Betriebstechnik hat mehr<\/p>\n","protected":false},"author":3,"featured_media":1798,"parent":0,"menu_order":1,"comment_status":"closed","ping_status":"closed","template":"","meta":[],"_links":{"self":[{"href":"https:\/\/archiv.laudeley.de\/index.php\/wp-json\/wp\/v2\/pages\/909"}],"collection":[{"href":"https:\/\/archiv.laudeley.de\/index.php\/wp-json\/wp\/v2\/pages"}],"about":[{"href":"https:\/\/archiv.laudeley.de\/index.php\/wp-json\/wp\/v2\/types\/page"}],"author":[{"embeddable":true,"href":"https:\/\/archiv.laudeley.de\/index.php\/wp-json\/wp\/v2\/users\/3"}],"replies":[{"embeddable":true,"href":"https:\/\/archiv.laudeley.de\/index.php\/wp-json\/wp\/v2\/comments?post=909"}],"version-history":[{"count":26,"href":"https:\/\/archiv.laudeley.de\/index.php\/wp-json\/wp\/v2\/pages\/909\/revisions"}],"predecessor-version":[{"id":2931,"href":"https:\/\/archiv.laudeley.de\/index.php\/wp-json\/wp\/v2\/pages\/909\/revisions\/2931"}],"wp:featuredmedia":[{"embeddable":true,"href":"https:\/\/archiv.laudeley.de\/index.php\/wp-json\/wp\/v2\/media\/1798"}],"wp:attachment":[{"href":"https:\/\/archiv.laudeley.de\/index.php\/wp-json\/wp\/v2\/media?parent=909"}],"curies":[{"name":"wp","href":"https:\/\/api.w.org\/{rel}","templated":true}]}}